{"id":869,"date":"2022-03-30T15:17:44","date_gmt":"2022-03-30T15:17:44","guid":{"rendered":"http:\/\/starlab.com.mx\/?page_id=869"},"modified":"2022-03-30T15:21:28","modified_gmt":"2022-03-30T15:21:28","slug":"aviso-de-privacidad","status":"publish","type":"page","link":"https:\/\/starlab.com.mx\/index.php\/aviso-de-privacidad\/","title":{"rendered":"Aviso de Privacidad"},"content":{"rendered":"<p>[et_pb_section fb_built=\u00bb1&#8243; custom_padding_last_edited=\u00bbon|phone\u00bb admin_label=\u00bbHeader\u00bb _builder_version=\u00bb4.9.4&#8243; use_background_color_gradient=\u00bbon\u00bb background_color_gradient_start=\u00bbrgba(255,255,255,0)\u00bb background_color_gradient_end=\u00bb#ffffff\u00bb background_color_gradient_type=\u00bbradial\u00bb background_color_gradient_direction_radial=\u00bbright\u00bb background_color_gradient_end_position=\u00bb70%\u00bb background_color_gradient_overlays_image=\u00bbon\u00bb background_image=\u00bbhttps:\/\/starlab.com.mx\/wp-content\/uploads\/2021\/04\/contact_data-1.png\u00bb background_position=\u00bbcenter_right\u00bb custom_margin=\u00bb|||\u00bb custom_padding=\u00bb6vw||6vw||true|false\u00bb custom_padding_tablet=\u00bb||||false|false\u00bb custom_padding_phone=\u00bb||||false|false\u00bb animation_style=\u00bbslide\u00bb border_radii=\u00bb||||10vw\u00bb box_shadow_style=\u00bbpreset1&#8243; box_shadow_vertical=\u00bb40px\u00bb box_shadow_blur=\u00bb60px\u00bb box_shadow_color=\u00bbrgba(0,64,135,0.06)\u00bb][et_pb_row column_structure=\u00bb3_5,2_5&#8243; _builder_version=\u00bb3.25&#8243;][et_pb_column type=\u00bb3_5&#8243; _builder_version=\u00bb3.25&#8243; custom_padding=\u00bb|||\u00bb custom_padding__hover=\u00bb|||\u00bb][et_pb_text _builder_version=\u00bb4.9.4&#8243; text_font=\u00bb||||||||\u00bb header_font=\u00bbCantata One||||||||\u00bb header_font_size=\u00bb50px\u00bb header_line_height=\u00bb1.4em\u00bb header_2_font=\u00bb||||||||\u00bb header_2_text_color=\u00bbrgba(0,0,0,0.35)\u00bb header_2_font_size=\u00bb20px\u00bb header_2_line_height=\u00bb1.6em\u00bb animation_style=\u00bbslide\u00bb animation_direction=\u00bbbottom\u00bb hover_enabled=\u00bb0&#8243; header_font_size_tablet=\u00bb35px\u00bb header_font_size_phone=\u00bb25px\u00bb header_font_size_last_edited=\u00bbon|desktop\u00bb inline_fonts=\u00bbMontserrat\u00bb sticky_enabled=\u00bb0&#8243;]<\/p>\n<h1><span style=\"font-family: Montserrat;\">Aviso de privacidad<\/span><\/h1>\n<h2>Corporativo Starlab Iris S.A. de C.V.<\/h2>\n<p>[\/et_pb_text][\/et_pb_column][et_pb_column type=\u00bb2_5&#8243; _builder_version=\u00bb3.25&#8243; custom_padding=\u00bb15px|||\u00bb custom_padding__hover=\u00bb|||\u00bb][\/et_pb_column][\/et_pb_row][\/et_pb_section][et_pb_section fb_built=\u00bb1&#8243; _builder_version=\u00bb4.9.4&#8243; _module_preset=\u00bbdefault\u00bb][et_pb_row _builder_version=\u00bb4.9.4&#8243; _module_preset=\u00bbdefault\u00bb custom_padding=\u00bb27px|||||\u00bb][et_pb_column type=\u00bb4_4&#8243; _builder_version=\u00bb4.9.4&#8243; _module_preset=\u00bbdefault\u00bb][et_pb_text _builder_version=\u00bb4.9.4&#8243; _module_preset=\u00bbdefault\u00bb custom_margin=\u00bb||-26px|||\u00bb hover_enabled=\u00bb0&#8243; sticky_enabled=\u00bb0&#8243;]<\/p>\n<p>Corporativo Starlab Iris S.A. de C.V., con domicilio en: calle norte 10 no 44, col Centro, cp. 94300, Orizaba, Veracruz.<br \/>Es responsable de la protecci\u00f3n y uso de los datos personales que proporciona directamente en cualquiera de nuestras \u00f3pticas o al utilizar nuestros servicios en l\u00ednea.<\/p>\n<p>en www.starlab.com.mx est\u00e1 protegida por normas de seguridad y privacidad.<br \/>Algunos de los datos que podemos obtener de usted, son:<br \/>1. Nombre completo<br \/>2. Domicilio (fiscal o para env\u00edo de producto)<br \/>3. Correo electr\u00f3nico<br \/>4. Tel\u00e9fonos<\/p>\n<p>Esta informaci\u00f3n nos permite estar en contacto con usted, de ser necesario<\/p>\n<p>\u00bfC\u00f3mo obtienen mi informaci\u00f3n y para qu\u00e9 la utilizan?<\/p>\n<p>La informaci\u00f3n se solicita en el proceso de registro, y puede ser utilizada para realizar diferentes estudios de comportamiento, intereses y gustos de nuestros clientes. Esto con el fin de brindarles una placentera estancia en nuestra p\u00e1gina web, ofrecerles informaci\u00f3n de nuestros productos, servicios y publicidad acordes a sus gustos y necesidades<\/p>\n<p>\u00bfMi informaci\u00f3n est\u00e1 segura?<\/p>\n<p>Si. al comprar un producto a trav\u00e9s de internet, se le direccionar\u00e1 a una p\u00e1gina web (Paypal), que ofrece seguridad en el manejo de sus datos, para ello, cuentan con un servidor bajo el protocolo SSL, de manera que la informaci\u00f3n que proporcione se transmite de forma encriptada. asegurando su protecci\u00f3n.<br \/>Puede verificar que est\u00e1 en la p\u00e1gina correcta de Paypal si en la barra de navegaci\u00f3n aparece https:\/\/<br \/>Todo intercambio de informaci\u00f3n y operaci\u00f3n realizada a trav\u00e9s de internet conlleva cierto riesgo, no se puede garantizar la seguridad al 100%, pero nuestro sitio web aplica medidas de seguridad avanzada como Armesis BlurHouse Database Security que permite resguardar su informaci\u00f3n lo m\u00e1s posible<\/p>\n<p>\u00bfQu\u00e9 es y c\u00f3mo se utiliza una cookie?<\/p>\n<p>Cuando navega en nuestro sitio web, se utilizan cookies. Las cookies son piezas de informaci\u00f3n que la p\u00e1gina web env\u00eda a su navegador, se almacenan en su disco duro y sirven para determinar sus preferencias, actividades y productos del carrito dentro de la p\u00e1gina web. Tambi\u00e9n permiten que sea reconocido al entrar a nuestro portal<\/p>\n<p>\u00bfMi informaci\u00f3n es confidencial?<\/p>\n<p>Si, usted comparte su informaci\u00f3n \u00fanicamente con \u00d3pticas Iris a menos que especifique una negativa al hacerlo, que de ser as\u00ed, deber\u00e1 hacer sus compras directamente en la sucursal y la informaci\u00f3n de venta ser\u00e1 s\u00f3lo informativa. Lo anterior en t\u00e9rminos establecidos en el art\u00edculo 109 de la Ley Federal de los Derechos de Autor y de la fracci\u00f3n I, del art\u00edculo 76 bis de la Ley Federal de Protecci\u00f3n al Consumidor. S\u00f3lo se podr\u00e1 difundir la informaci\u00f3n en casos especiales, cuando pueda servir para identificar, localizar o realizar acciones legales contra personas que pudiesen infringir las condiciones del servicio de nuestro sitio web o causar da\u00f1os o interferencia sobre los derechos de \u00d3pticas iris, sus propiedades, de otros usuarios del portal o de cualquier otra persona que pudiese resultar perjudicada por dichas actividades.<\/p>\n<p>\u00bfSe puede actualizar o modificar mi informaci\u00f3n?<\/p>\n<p>Los datos personales proporcionados por el usuario formar\u00e1n parte de un archivo que contendr\u00e1 su perfil. El usuario puede modificar su perfil en cualquier momento, utilizando su correo electr\u00f3nico y contrase\u00f1a. Se aconseja actualizar sus datos peri\u00f3dicamente, en especial su direcci\u00f3n para efectos de env\u00edo de productos.<\/p>\n<p>Modificaciones al aviso de privacidad<\/p>\n<p>\u00d3pticas Iris se reserva el derecho de actualizar o modificar el presente \u00abAviso de privacidad\u00bb en cualquier momento para dar cumplimiento a la ley o por pol\u00edticas internas. Es responsabilidad del usuario consultar peri\u00f3dicamente el aviso de privacidad para estar enterado de posibles modificaciones<\/p>\n<p>[\/et_pb_text][\/et_pb_column][\/et_pb_row][\/et_pb_section]<\/p>\n","protected":false},"excerpt":{"rendered":"<p>Aviso de privacidad Corporativo Starlab Iris S.A. de C.V.Corporativo Starlab Iris S.A. de C.V., con domicilio en: calle norte 10 no 44, col Centro, cp. 94300, Orizaba, Veracruz.Es responsable de la protecci\u00f3n y uso de los datos personales que proporciona directamente en cualquiera de nuestras \u00f3pticas o al utilizar nuestros servicios en l\u00ednea. en www.starlab.com.mx [&hellip;]<\/p>\n","protected":false},"author":1,"featured_media":0,"parent":0,"menu_order":0,"comment_status":"closed","ping_status":"closed","template":"","meta":{"_et_pb_use_builder":"on","_et_pb_old_content":"","_et_gb_content_width":"","_themeisle_gutenberg_block_has_review":false,"footnotes":""},"class_list":["post-869","page","type-page","status-publish","hentry"],"_links":{"self":[{"href":"https:\/\/starlab.com.mx\/index.php\/wp-json\/wp\/v2\/pages\/869","targetHints":{"allow":["GET"]}}],"collection":[{"href":"https:\/\/starlab.com.mx\/index.php\/wp-json\/wp\/v2\/pages"}],"about":[{"href":"https:\/\/starlab.com.mx\/index.php\/wp-json\/wp\/v2\/types\/page"}],"author":[{"embeddable":true,"href":"https:\/\/starlab.com.mx\/index.php\/wp-json\/wp\/v2\/users\/1"}],"replies":[{"embeddable":true,"href":"https:\/\/starlab.com.mx\/index.php\/wp-json\/wp\/v2\/comments?post=869"}],"version-history":[{"count":3,"href":"https:\/\/starlab.com.mx\/index.php\/wp-json\/wp\/v2\/pages\/869\/revisions"}],"predecessor-version":[{"id":873,"href":"https:\/\/starlab.com.mx\/index.php\/wp-json\/wp\/v2\/pages\/869\/revisions\/873"}],"wp:attachment":[{"href":"https:\/\/starlab.com.mx\/index.php\/wp-json\/wp\/v2\/media?parent=869"}],"curies":[{"name":"wp","href":"https:\/\/api.w.org\/{rel}","templated":true}]}}