{"id":618,"date":"2021-04-27T14:28:02","date_gmt":"2021-04-27T14:28:02","guid":{"rendered":"https:\/\/wp.starlab.com.mx\/?page_id=618"},"modified":"2021-05-19T04:03:51","modified_gmt":"2021-05-19T04:03:51","slug":"refract-perfect","status":"publish","type":"page","link":"https:\/\/starlab.com.mx\/index.php\/refract-perfect\/","title":{"rendered":"Refract Perfect"},"content":{"rendered":"<p>[et_pb_section fb_built=\u00bb1&#8243; custom_padding_last_edited=\u00bbon|phone\u00bb next_background_color=\u00bb#ffffff\u00bb admin_label=\u00bbHeader\u00bb _builder_version=\u00bb4.9.4&#8243; background_enable_color=\u00bboff\u00bb background_color_gradient_direction=\u00bb110deg\u00bb background_image=\u00bbhttps:\/\/starlab.com.mx\/wp-content\/uploads\/2021\/04\/perfect_slider-1.png\u00bb background_position=\u00bbcenter_right\u00bb custom_margin=\u00bb|||\u00bb custom_padding=\u00bb6vw||6vw||true|false\u00bb custom_padding_tablet=\u00bb||||false|false\u00bb custom_padding_phone=\u00bb||||false|false\u00bb bottom_divider_style=\u00bbwave\u00bb bottom_divider_height=\u00bb14px\u00bb bottom_divider_repeat=\u00bb28x\u00bb bottom_divider_repeat_tablet=\u00bb14x\u00bb bottom_divider_repeat_phone=\u00bb7x\u00bb bottom_divider_repeat_last_edited=\u00bbon|phone\u00bb][et_pb_row column_structure=\u00bb1_2,1_2&#8243; _builder_version=\u00bb3.25&#8243;][et_pb_column type=\u00bb1_2&#8243; _builder_version=\u00bb3.25&#8243; custom_padding=\u00bb|||\u00bb custom_padding__hover=\u00bb|||\u00bb][et_pb_image src=\u00bbhttps:\/\/starlab.com.mx\/wp-content\/uploads\/2021\/04\/perfect-1.png\u00bb title_text=\u00bbperfect (1)\u00bb _builder_version=\u00bb4.9.4&#8243; _module_preset=\u00bbdefault\u00bb animation_style=\u00bbfold\u00bb][\/et_pb_image][et_pb_text _builder_version=\u00bb4.9.4&#8243; text_font=\u00bb||||||||\u00bb text_text_color=\u00bb#FFFFFF\u00bb header_font=\u00bbCantata One||||||||\u00bb header_font_size=\u00bb50px\u00bb header_line_height=\u00bb1.4em\u00bb header_2_font=\u00bb||||||||\u00bb header_2_text_color=\u00bbrgba(0,0,0,0.35)\u00bb header_2_font_size=\u00bb20px\u00bb header_2_line_height=\u00bb1.6em\u00bb background_layout=\u00bbdark\u00bb max_width=\u00bb500px\u00bb animation_style=\u00bbfold\u00bb animation_direction=\u00bbleft\u00bb header_font_size_tablet=\u00bb35px\u00bb header_font_size_phone=\u00bb25px\u00bb header_font_size_last_edited=\u00bbon|desktop\u00bb inline_fonts=\u00bbMontserrat\u00bb]<\/p>\n<h2><span style=\"color: #ffffff;\">Lentes premium con innovaci\u00f3n en la superficie<\/span><\/h2>\n<p>[\/et_pb_text][et_pb_button button_url=\u00bb@ET-DC@eyJkeW5hbWljIjp0cnVlLCJjb250ZW50IjoicG9zdF9saW5rX3VybF9wYWdlIiwic2V0dGluZ3MiOnsicG9zdF9pZCI6IjE2In19@\u00bb button_text=\u00bbVer toda la l\u00ednea Refract\u00bb _builder_version=\u00bb4.9.4&#8243; _dynamic_attributes=\u00bbbutton_url\u00bb custom_button=\u00bbon\u00bb button_text_size=\u00bb16px\u00bb button_text_color=\u00bb#ffffff\u00bb button_bg_color=\u00bb#406090&#8243; button_border_width=\u00bb7px\u00bb button_border_color=\u00bbrgba(0,0,0,0)\u00bb button_border_radius=\u00bb100px\u00bb button_font=\u00bbOpen Sans|700|||||||\u00bb animation_style=\u00bbbounce\u00bb animation_direction=\u00bbbottom\u00bb button_text_color_hover=\u00bb#ffffff\u00bb button_border_color_hover=\u00bbrgba(0,0,0,0)\u00bb button_border_radius_hover=\u00bb100px\u00bb button_bg_color_hover=\u00bb#0059c3&#8243; button_text_size__hover_enabled=\u00bboff\u00bb button_one_text_size__hover_enabled=\u00bboff\u00bb button_two_text_size__hover_enabled=\u00bboff\u00bb button_text_color__hover_enabled=\u00bbon\u00bb button_text_color__hover=\u00bb#ffffff\u00bb button_one_text_color__hover_enabled=\u00bboff\u00bb button_two_text_color__hover_enabled=\u00bboff\u00bb button_border_width__hover_enabled=\u00bboff\u00bb button_one_border_width__hover_enabled=\u00bboff\u00bb button_two_border_width__hover_enabled=\u00bboff\u00bb button_border_color__hover_enabled=\u00bbon\u00bb button_border_color__hover=\u00bbrgba(0,0,0,0)\u00bb button_one_border_color__hover_enabled=\u00bboff\u00bb button_two_border_color__hover_enabled=\u00bboff\u00bb button_border_radius__hover_enabled=\u00bbon\u00bb button_border_radius__hover=\u00bb100px\u00bb button_one_border_radius__hover_enabled=\u00bboff\u00bb button_two_border_radius__hover_enabled=\u00bboff\u00bb button_letter_spacing__hover_enabled=\u00bboff\u00bb button_one_letter_spacing__hover_enabled=\u00bboff\u00bb button_two_letter_spacing__hover_enabled=\u00bboff\u00bb button_bg_color__hover_enabled=\u00bbon\u00bb button_bg_color__hover=\u00bb#0059c3&#8243; button_one_bg_color__hover_enabled=\u00bboff\u00bb button_two_bg_color__hover_enabled=\u00bboff\u00bb][\/et_pb_button][\/et_pb_column][et_pb_column type=\u00bb1_2&#8243; _builder_version=\u00bb3.25&#8243; custom_padding=\u00bb|||\u00bb custom_padding__hover=\u00bb|||\u00bb][\/et_pb_column][\/et_pb_row][\/et_pb_section][et_pb_section fb_built=\u00bb1&#8243; admin_label=\u00bbServices\u00bb _builder_version=\u00bb3.22&#8243; use_background_color_gradient=\u00bbon\u00bb background_color_gradient_start=\u00bb#f3f5fa\u00bb background_color_gradient_end=\u00bb#ffffff\u00bb locked=\u00bboff\u00bb][et_pb_row _builder_version=\u00bb4.9.4&#8243; _module_preset=\u00bbdefault\u00bb][et_pb_column type=\u00bb4_4&#8243; _builder_version=\u00bb4.9.4&#8243; _module_preset=\u00bbdefault\u00bb][et_pb_image src=\u00bbhttps:\/\/starlab.com.mx\/wp-content\/uploads\/2021\/04\/perfect_black-1.png\u00bb title_text=\u00bbperfect_black (1)\u00bb _builder_version=\u00bb4.9.4&#8243; _module_preset=\u00bbdefault\u00bb width=\u00bb50%\u00bb module_alignment=\u00bbcenter\u00bb animation_style=\u00bbslide\u00bb][\/et_pb_image][\/et_pb_column][\/et_pb_row][et_pb_row column_structure=\u00bb1_2,1_2&#8243; _builder_version=\u00bb4.9.4&#8243; _module_preset=\u00bbdefault\u00bb][et_pb_column type=\u00bb1_2&#8243; _builder_version=\u00bb4.9.4&#8243; _module_preset=\u00bbdefault\u00bb][et_pb_blurb title=\u00bbLos inicios\u00bb _builder_version=\u00bb4.9.4&#8243; _module_preset=\u00bbdefault\u00bb animation_style=\u00bbfold\u00bb]<\/p>\n<p>El motor que mueve StarLab es, sin lugar a duda, nuestra pasi\u00f3n por la innovaci\u00f3n. Por esta raz\u00f3n, trabajamos constantemente por mejorar y crear soluciones que se apliquen a nuestra industria con un factor diferenciador.<\/p>\n<p>Uno de nuestros desarrollos m\u00e1s importantes es Perfect, el resultado de m\u00e1s de dos a\u00f1os de intensa y exhaustiva investigaci\u00f3n junto con Younger Optics. El reto de Perfect fue el poder ofrecer una lente de calidad superior con beneficios visuales significativos para el usuario. Un logro conseguido, gracias a la uni\u00f3n del conocimiento y la experiencia de ambas compa\u00f1\u00edas, donde el semi-terminado y el dise\u00f1o digital han sido elaborados conjuntamente desde el principio. Este fue el nacimiento de la tecnolog\u00eda Perfect.<\/p>\n<p>&nbsp;<\/p>\n<p>[\/et_pb_blurb][\/et_pb_column][et_pb_column type=\u00bb1_2&#8243; _builder_version=\u00bb4.9.4&#8243; _module_preset=\u00bbdefault\u00bb][et_pb_blurb title=\u00bbEl presente\u00bb _builder_version=\u00bb4.9.4&#8243; _module_preset=\u00bbdefault\u00bb animation_style=\u00bbzoom\u00bb]<\/p>\n<p>Desde su aparici\u00f3n, Perfect ha ido evolucionando, progresando constantemente para ofrecer mejores soluciones a los fabricantes de lentes as\u00ed como responder a las necesidades cambiantes del mercado. El resultado de este progreso constante se consolida con la Serie de Lentes Perfect, El Perfect de hoy.<\/p>\n<p>La serie Perfect representa el avance \u00f3ptico geom\u00e9trico, una completa y renovada familia de lentes que refuerza los beneficios visuales y est\u00e9ticos que la tecnolog\u00eda Perfect ha tra\u00eddo a la industria oft\u00e1lmica.<\/p>\n<p>Descubre lo nuevo de Perfect sumergi\u00e9ndote en la Serie Perfect.<\/p>\n<p>&nbsp;<\/p>\n<p>[\/et_pb_blurb][\/et_pb_column][\/et_pb_row][et_pb_row column_structure=\u00bb1_3,2_3&#8243; _builder_version=\u00bb4.9.4&#8243; _module_preset=\u00bbdefault\u00bb][et_pb_column type=\u00bb1_3&#8243; _builder_version=\u00bb4.9.4&#8243; _module_preset=\u00bbdefault\u00bb][et_pb_image src=\u00bbhttps:\/\/starlab.com.mx\/wp-content\/uploads\/2021\/04\/camber-1.png\u00bb title_text=\u00bbcamber (1)\u00bb _builder_version=\u00bb4.9.4&#8243; _module_preset=\u00bbdefault\u00bb animation_style=\u00bbbounce\u00bb][\/et_pb_image][\/et_pb_column][et_pb_column type=\u00bb2_3&#8243; _builder_version=\u00bb4.9.4&#8243; _module_preset=\u00bbdefault\u00bb][et_pb_blurb title=\u00bbTecnolog\u00eda\u00bb _builder_version=\u00bb4.9.4&#8243; _module_preset=\u00bbdefault\u00bb animation_style=\u00bbflip\u00bb]<\/p>\n<p>La Serie Perfect es una nueva familia de lentes calculadas con la Tecnolog\u00eda Perfect que combina bases curvas complejas en las dos caras de la lente para proporcionar una excelente correcci\u00f3n visual.<\/p>\n<p>Su \u00fanica superficie frontal con una variaci\u00f3n de curvatura constante est\u00e1 especialmente dise\u00f1ada para expandir las zonas de lectura y mejorar la visi\u00f3n perif\u00e9rica.<\/p>\n<p>Cuando esta superficie se combina con los m\u00e1s avanzados dise\u00f1os digitales en la cara interna, ambas superficies se fusionan en perfecta armon\u00eda para ampliar el rango de fabricaci\u00f3n, ofreciendo una mejora est\u00e9tica (lentes m\u00e1s planas) en altas prescripciones as\u00ed como una calidad \u00f3ptica en cerca inigualable.<\/p>\n<p>&nbsp;<\/p>\n<p>[\/et_pb_blurb][\/et_pb_column][\/et_pb_row][et_pb_row _builder_version=\u00bb4.9.4&#8243; _module_preset=\u00bbdefault\u00bb][et_pb_column type=\u00bb4_4&#8243; _builder_version=\u00bb4.9.4&#8243; _module_preset=\u00bbdefault\u00bb][et_pb_text _builder_version=\u00bb4.9.4&#8243; _module_preset=\u00bbdefault\u00bb animation_style=\u00bbflip\u00bb]<\/p>\n<h1 style=\"text-align: center;\">Caracter\u00edsticas y propiedades<\/h1>\n<p>[\/et_pb_text][\/et_pb_column][\/et_pb_row][et_pb_row column_structure=\u00bb1_2,1_2&#8243; _builder_version=\u00bb4.9.4&#8243; _module_preset=\u00bbdefault\u00bb][et_pb_column type=\u00bb1_2&#8243; _builder_version=\u00bb4.9.4&#8243; _module_preset=\u00bbdefault\u00bb][et_pb_blurb title=\u00bbLos  usuarios prefieren Perfect\u00bb _builder_version=\u00bb4.9.4&#8243; _module_preset=\u00bbdefault\u00bb animation_style=\u00bbzoom\u00bb]<\/p>\n<p>En un reciente estudio cl\u00ednico, los usuarios compararon lentes fabricadas con semi-terminados Perfect y esf\u00e9ricos, ambas con el mismo dise\u00f1o digital en cara posterior. El resultado de este estudio demostr\u00f3 que el 83% de los usuarios adaptaba mejor y m\u00e1s f\u00e1cilmente a las gentes fabricadas con semi-terminados Perfect. Con lentes Perfect todos los usuarios afirmaron encontrar el \u00e1rea de cerca m\u00e1s f\u00e1cilmente o igual que con las lentes de semi-terminado esf\u00e9rico. En conclusi\u00f3n, dos de cada tres usuarios prefieren lentes Perfect.<\/p>\n<p>[\/et_pb_blurb][\/et_pb_column][et_pb_column type=\u00bb1_2&#8243; _builder_version=\u00bb4.9.4&#8243; _module_preset=\u00bbdefault\u00bb][et_pb_blurb title=\u00bbVisi\u00f3n de cerca incomparable\u00bb _builder_version=\u00bb4.9.4&#8243; _module_preset=\u00bbdefault\u00bb animation_style=\u00bbbounce\u00bb]<\/p>\n<p>En visi\u00f3n de cerca, los beneficios de Perfect son incluso m\u00e1s significativos. El campo de visi\u00f3n de cerca es m\u00e1s ancho y proporciona una mayor agudeza visual. En el estudio cl\u00ednico se ha demostrado que utilizando el mismo dise\u00f1o digital, con lentes Perfect se alcanza una importante mejora visual. Los usuarios comunicaron una mejora notable en la calidad de visi\u00f3n y mayor nivel de confort.<\/p>\n<p>[\/et_pb_blurb][\/et_pb_column][\/et_pb_row][et_pb_row _builder_version=\u00bb4.9.4&#8243; _module_preset=\u00bbdefault\u00bb][et_pb_column type=\u00bb4_4&#8243; _builder_version=\u00bb4.9.4&#8243; _module_preset=\u00bbdefault\u00bb][et_pb_image src=\u00bbhttps:\/\/starlab.com.mx\/wp-content\/uploads\/2021\/05\/Sin-titulo-4-12-1.png\u00bb title_text=\u00bbSin-titulo-4-12 (1)\u00bb _builder_version=\u00bb4.9.4&#8243; _module_preset=\u00bbdefault\u00bb animation_style=\u00bbfold\u00bb hover_enabled=\u00bb0&#8243; sticky_enabled=\u00bb0&#8243;][\/et_pb_image][\/et_pb_column][\/et_pb_row][et_pb_row _builder_version=\u00bb4.9.4&#8243; _module_preset=\u00bbdefault\u00bb][et_pb_column type=\u00bb4_4&#8243; _builder_version=\u00bb4.9.4&#8243; _module_preset=\u00bbdefault\u00bb][et_pb_blurb title=\u00bbOptimizado para todas las distancias\u00bb _builder_version=\u00bb4.9.4&#8243; _module_preset=\u00bbdefault\u00bb animation_style=\u00bbslide\u00bb]<\/p>\n<p>Existe una curva base ideal para cada potencia, la cual minimiza las aberraciones oblicuas y maximiza la agudeza visual. La mayor\u00eda de las lentes progresivas se fabrican partiendo de un semi-terminado esf\u00e9rico (single vision), el cual tiene la misma curva base y potencia en toda la superficie.<\/p>\n<p>El semi-terminado Perfect es diferente. Su curva base variable en la cual la potencia va increment\u00e1ndose constantemente desde arriba hacia abajo, proporciona la base adecuada para la visi\u00f3n de lejos, intermedio y cerca. Los usuarios perciben un aumento de agudeza visual tanto en la zona de lejos, como en el \u00e1rea de lectura ofreciendo as\u00ed una visi\u00f3n m\u00e1s confortable.<\/p>\n<p>[\/et_pb_blurb][\/et_pb_column][\/et_pb_row][et_pb_row _builder_version=\u00bb4.9.4&#8243; _module_preset=\u00bbdefault\u00bb][et_pb_column type=\u00bb4_4&#8243; _builder_version=\u00bb4.9.4&#8243; _module_preset=\u00bbdefault\u00bb][et_pb_text _builder_version=\u00bb4.9.4&#8243; _module_preset=\u00bbdefault\u00bb animation_style=\u00bbflip\u00bb]<\/p>\n<h1 style=\"text-align: center;\">Beneficios<\/h1>\n<p>[\/et_pb_text][\/et_pb_column][\/et_pb_row][et_pb_row column_structure=\u00bb1_2,1_2&#8243; _builder_version=\u00bb4.9.4&#8243; _module_preset=\u00bbdefault\u00bb][et_pb_column type=\u00bb1_2&#8243; _builder_version=\u00bb4.9.4&#8243; _module_preset=\u00bbdefault\u00bb][et_pb_text _builder_version=\u00bb4.9.4&#8243; _module_preset=\u00bbdefault\u00bb animation_style=\u00bbflip\u00bb]<\/p>\n<h3 style=\"text-align: center;\">El laboratorio y el \u00f3ptico<\/h3>\n<p>[\/et_pb_text][\/et_pb_column][et_pb_column type=\u00bb1_2&#8243; _builder_version=\u00bb4.9.4&#8243; _module_preset=\u00bbdefault\u00bb][et_pb_text _builder_version=\u00bb4.9.4&#8243; _module_preset=\u00bbdefault\u00bb animation_style=\u00bbflip\u00bb]<\/p>\n<h3 style=\"text-align: center;\">Los usuarios finales<\/h3>\n<p>[\/et_pb_text][\/et_pb_column][\/et_pb_row][et_pb_row column_structure=\u00bb1_2,1_2&#8243; _builder_version=\u00bb4.9.4&#8243; _module_preset=\u00bbdefault\u00bb][et_pb_column type=\u00bb1_2&#8243; _builder_version=\u00bb4.9.4&#8243; _module_preset=\u00bbdefault\u00bb][et_pb_blurb title=\u00bb\u00d3ptica Superior\u00bb use_icon=\u00bbon\u00bb font_icon=\u00bb%%45%%\u00bb icon_color=\u00bb#0C71C3&#8243; icon_placement=\u00bbleft\u00bb use_icon_font_size=\u00bbon\u00bb icon_font_size=\u00bb35px\u00bb _builder_version=\u00bb4.9.4&#8243; _module_preset=\u00bbdefault\u00bb animation_style=\u00bbbounce\u00bb]<\/p>\n<p>Campos de visi\u00f3n m\u00e1s amplios y mejor visi\u00f3n<\/p>\n<p>[\/et_pb_blurb][et_pb_blurb title=\u00bbControl del stock\u00bb use_icon=\u00bbon\u00bb font_icon=\u00bb%%45%%\u00bb icon_color=\u00bb#0C71C3&#8243; icon_placement=\u00bbleft\u00bb use_icon_font_size=\u00bbon\u00bb icon_font_size=\u00bb35px\u00bb _builder_version=\u00bb4.9.4&#8243; _module_preset=\u00bbdefault\u00bb animation_style=\u00bbbounce\u00bb]<\/p>\n<p>Reducido n\u00famero de semi-terminados, igual que en monofocal.<\/p>\n<p>[\/et_pb_blurb][et_pb_blurb title=\u00bbTecnolog\u00eda premium\u00bb use_icon=\u00bbon\u00bb font_icon=\u00bb%%45%%\u00bb icon_color=\u00bb#0C71C3&#8243; icon_placement=\u00bbleft\u00bb use_icon_font_size=\u00bbon\u00bb icon_font_size=\u00bb35px\u00bb _builder_version=\u00bb4.9.4&#8243; _module_preset=\u00bbdefault\u00bb animation_style=\u00bbbounce\u00bb]<\/p>\n<p>Las lentes Perfect tienen una de las tecnolog\u00edas m\u00e1s avanzadas del mercado.<\/p>\n<p>[\/et_pb_blurb][et_pb_blurb title=\u00bbUna familia completa de lentes\u00bb use_icon=\u00bbon\u00bb font_icon=\u00bb%%45%%\u00bb icon_color=\u00bb#0C71C3&#8243; icon_placement=\u00bbleft\u00bb use_icon_font_size=\u00bbon\u00bb icon_font_size=\u00bb35px\u00bb _builder_version=\u00bb4.9.4&#8243; _module_preset=\u00bbdefault\u00bb animation_style=\u00bbbounce\u00bb]<\/p>\n<p>La Serie Perfect, le permite al laboratorio crear su propio portafolio de productos Perfect y diferenciarse as\u00ed de la competencia.<\/p>\n<p>[\/et_pb_blurb][et_pb_blurb title=\u00bbFabricaci\u00f3n est\u00e1ndar\u00bb use_icon=\u00bbon\u00bb font_icon=\u00bb%%45%%\u00bb icon_color=\u00bb#0C71C3&#8243; icon_placement=\u00bbleft\u00bb use_icon_font_size=\u00bbon\u00bb icon_font_size=\u00bb35px\u00bb _builder_version=\u00bb4.9.4&#8243; _module_preset=\u00bbdefault\u00bb animation_style=\u00bbbounce\u00bb]<\/p>\n<p>Proceso de fabricaci\u00f3n similar a otras lentes.<\/p>\n<p>[\/et_pb_blurb][et_pb_blurb title=\u00bbF\u00e1cil elecci\u00f3n de la montura\u00bb use_icon=\u00bbon\u00bb font_icon=\u00bb%%45%%\u00bb icon_color=\u00bb#0C71C3&#8243; icon_placement=\u00bbleft\u00bb use_icon_font_size=\u00bbon\u00bb icon_font_size=\u00bb35px\u00bb _builder_version=\u00bb4.9.4&#8243; _module_preset=\u00bbdefault\u00bb animation_style=\u00bbbounce\u00bb]<\/p>\n<p>Las prescripciones altas tienen menos limitaci\u00f3n en la elecci\u00f3n de la montura.<\/p>\n<p>[\/et_pb_blurb][\/et_pb_column][et_pb_column type=\u00bb1_2&#8243; _builder_version=\u00bb4.9.4&#8243; _module_preset=\u00bbdefault\u00bb][et_pb_blurb title=\u00bbVisi\u00f3n mejorada\u00bb use_icon=\u00bbon\u00bb font_icon=\u00bb%%45%%\u00bb icon_color=\u00bb#0C71C3&#8243; icon_placement=\u00bbleft\u00bb use_icon_font_size=\u00bbon\u00bb icon_font_size=\u00bb35px\u00bb _builder_version=\u00bb4.9.4&#8243; _module_preset=\u00bbdefault\u00bb animation_style=\u00bbbounce\u00bb]<\/p>\n<p>La exclusiva curva frontal del semi-terminado Perfect se combina perfectamente con un dise\u00f1o digital 100% personalizable para cada paciente, ofreciendo una calidad visual excepcional.<\/p>\n<p>[\/et_pb_blurb][et_pb_blurb title=\u00bbCalidad de visi\u00f3n de cerca insuperable\u00bb use_icon=\u00bbon\u00bb font_icon=\u00bb%%45%%\u00bb icon_color=\u00bb#0C71C3&#8243; icon_placement=\u00bbleft\u00bb use_icon_font_size=\u00bbon\u00bb icon_font_size=\u00bb35px\u00bb _builder_version=\u00bb4.9.4&#8243; _module_preset=\u00bbdefault\u00bb animation_style=\u00bbbounce\u00bb]Excelente agudeza visual para un mayor confort en tareas como la lectura.[\/et_pb_blurb][et_pb_blurb title=\u00bbM\u00e1s est\u00e9tica\u00bb use_icon=\u00bbon\u00bb font_icon=\u00bb%%45%%\u00bb icon_color=\u00bb#0C71C3&#8243; icon_placement=\u00bbleft\u00bb use_icon_font_size=\u00bbon\u00bb icon_font_size=\u00bb35px\u00bb _builder_version=\u00bb4.9.4&#8243; _module_preset=\u00bbdefault\u00bb animation_style=\u00bbbounce\u00bb]<\/p>\n<p>Las lentes Perfect son m\u00e1s planas en muchas graduaciones que otras lentes progresivas, especialmente en potencias positivas.<\/p>\n<p>[\/et_pb_blurb][et_pb_blurb title=\u00bbAmplios campos de visi\u00f3n\u00bb use_icon=\u00bbon\u00bb font_icon=\u00bb%%45%%\u00bb icon_color=\u00bb#0C71C3&#8243; icon_placement=\u00bbleft\u00bb use_icon_font_size=\u00bbon\u00bb icon_font_size=\u00bb35px\u00bb _builder_version=\u00bb4.9.4&#8243; _module_preset=\u00bbdefault\u00bb animation_style=\u00bbbounce\u00bb]<\/p>\n<p>La lente final Perfect es una lente compensada punto a punto que ofrece amplos y claros campos de visi\u00f3n a todas las distancias.<\/p>\n<p>[\/et_pb_blurb][et_pb_blurb title=\u00bbAdaptaci\u00f3n f\u00e1cil\u00bb use_icon=\u00bbon\u00bb font_icon=\u00bb%%45%%\u00bb icon_color=\u00bb#0C71C3&#8243; icon_placement=\u00bbleft\u00bb use_icon_font_size=\u00bbon\u00bb icon_font_size=\u00bb35px\u00bb _builder_version=\u00bb4.9.4&#8243; _module_preset=\u00bbdefault\u00bb animation_style=\u00bbbounce\u00bb]Un estudio cl\u00ednico muestra la r\u00e1pida adaptaci\u00f3n de la mayor\u00eda de los pacientes.[\/et_pb_blurb][et_pb_blurb title=\u00bbLos usuarios prefieren Perfect\u00bb use_icon=\u00bbon\u00bb font_icon=\u00bb%%45%%\u00bb icon_color=\u00bb#0C71C3&#8243; icon_placement=\u00bbleft\u00bb use_icon_font_size=\u00bbon\u00bb icon_font_size=\u00bb35px\u00bb _builder_version=\u00bb4.9.4&#8243; _module_preset=\u00bbdefault\u00bb animation_style=\u00bbbounce\u00bb]<\/p>\n<p>Un estudio cl\u00ednico muestra que los pacientes prefieren las lentes con semi-terminados Perfect a lentes fabricadas con semi-terminados monofocales.<\/p>\n<p>[\/et_pb_blurb][\/et_pb_column][\/et_pb_row][\/et_pb_section]<\/p>\n","protected":false},"excerpt":{"rendered":"<p>Lentes premium con innovaci\u00f3n en la superficieEl motor que mueve StarLab es, sin lugar a duda, nuestra pasi\u00f3n por la innovaci\u00f3n. Por esta raz\u00f3n, trabajamos constantemente por mejorar y crear soluciones que se apliquen a nuestra industria con un factor diferenciador. Uno de nuestros desarrollos m\u00e1s importantes es Perfect, el resultado de m\u00e1s de dos [&hellip;]<\/p>\n","protected":false},"author":1,"featured_media":0,"parent":0,"menu_order":0,"comment_status":"closed","ping_status":"closed","template":"","meta":{"_et_pb_use_builder":"on","_et_pb_old_content":"<!-- wp:divi\/placeholder \/-->","_et_gb_content_width":"","_themeisle_gutenberg_block_has_review":false,"footnotes":""},"class_list":["post-618","page","type-page","status-publish","hentry"],"_links":{"self":[{"href":"https:\/\/starlab.com.mx\/index.php\/wp-json\/wp\/v2\/pages\/618","targetHints":{"allow":["GET"]}}],"collection":[{"href":"https:\/\/starlab.com.mx\/index.php\/wp-json\/wp\/v2\/pages"}],"about":[{"href":"https:\/\/starlab.com.mx\/index.php\/wp-json\/wp\/v2\/types\/page"}],"author":[{"embeddable":true,"href":"https:\/\/starlab.com.mx\/index.php\/wp-json\/wp\/v2\/users\/1"}],"replies":[{"embeddable":true,"href":"https:\/\/starlab.com.mx\/index.php\/wp-json\/wp\/v2\/comments?post=618"}],"version-history":[{"count":14,"href":"https:\/\/starlab.com.mx\/index.php\/wp-json\/wp\/v2\/pages\/618\/revisions"}],"predecessor-version":[{"id":819,"href":"https:\/\/starlab.com.mx\/index.php\/wp-json\/wp\/v2\/pages\/618\/revisions\/819"}],"wp:attachment":[{"href":"https:\/\/starlab.com.mx\/index.php\/wp-json\/wp\/v2\/media?parent=618"}],"curies":[{"name":"wp","href":"https:\/\/api.w.org\/{rel}","templated":true}]}}