{"id":479,"date":"2021-04-23T14:50:49","date_gmt":"2021-04-23T14:50:49","guid":{"rendered":"https:\/\/wp.starlab.com.mx\/?page_id=479"},"modified":"2021-05-14T13:44:17","modified_gmt":"2021-05-14T13:44:17","slug":"mision-y-vision","status":"publish","type":"page","link":"https:\/\/starlab.com.mx\/index.php\/mision-y-vision\/","title":{"rendered":"Misi\u00f3n y visi\u00f3n"},"content":{"rendered":"<p>[et_pb_section fb_built=\u00bb1&#8243; fullwidth=\u00bbon\u00bb _builder_version=\u00bb4.9.4&#8243; _module_preset=\u00bbdefault\u00bb][et_pb_fullwidth_image src=\u00bbhttps:\/\/starlab.com.mx\/wp-content\/uploads\/2021\/04\/IMG_7853-1-1-scaled.jpg\u00bb title_text=\u00bbIMG_7853 (1) (1)\u00bb _builder_version=\u00bb4.9.4&#8243; _module_preset=\u00bbdefault\u00bb][\/et_pb_fullwidth_image][\/et_pb_section][et_pb_section fb_built=\u00bb1&#8243; admin_label=\u00bbServices\u00bb _builder_version=\u00bb3.22&#8243; use_background_color_gradient=\u00bbon\u00bb background_color_gradient_start=\u00bb#f3f5fa\u00bb background_color_gradient_end=\u00bb#ffffff\u00bb locked=\u00bboff\u00bb][et_pb_row column_structure=\u00bb2_3,1_3&#8243; _builder_version=\u00bb4.9.4&#8243; _module_preset=\u00bbdefault\u00bb][et_pb_column type=\u00bb2_3&#8243; _builder_version=\u00bb4.9.4&#8243; _module_preset=\u00bbdefault\u00bb][et_pb_text _builder_version=\u00bb4.9.4&#8243; _module_preset=\u00bbdefault\u00bb animation_style=\u00bbslide\u00bb hover_enabled=\u00bb0&#8243; inline_fonts=\u00bbMontserrat\u00bb sticky_enabled=\u00bb0&#8243;]<\/p>\n<h1>MISI\u00d3N<span style=\"font-size: medium; font-family: Montserrat; font-weight: normal;\"><\/span><\/h1>\n<p><span style=\"font-size: medium; font-family: Montserrat; font-weight: normal;\">Proveer los mejores productos del ramo \u00f3ptico innovando e incorporando tecnolog\u00eda de punta en todos nuestros procesos, que nos permita garantizar una alta calidad, eficiencia y rapidez.<\/span><\/p>\n<p>[\/et_pb_text][\/et_pb_column][et_pb_column type=\u00bb1_3&#8243; _builder_version=\u00bb4.9.4&#8243; _module_preset=\u00bbdefault\u00bb][et_pb_image src=\u00bbhttps:\/\/starlab.com.mx\/wp-content\/uploads\/2021\/04\/IMG_7860-1.jpg\u00bb title_text=\u00bbIMG_7860 (1)\u00bb _builder_version=\u00bb4.9.4&#8243; _module_preset=\u00bbdefault\u00bb][\/et_pb_image][\/et_pb_column][\/et_pb_row][et_pb_row column_structure=\u00bb1_4,3_4&#8243; _builder_version=\u00bb4.9.4&#8243; _module_preset=\u00bbdefault\u00bb][et_pb_column type=\u00bb1_4&#8243; _builder_version=\u00bb4.9.4&#8243; _module_preset=\u00bbdefault\u00bb][et_pb_image src=\u00bbhttps:\/\/starlab.com.mx\/wp-content\/uploads\/2021\/04\/IMG_7881-1.jpg\u00bb title_text=\u00bbIMG_7881 (1)\u00bb _builder_version=\u00bb4.9.4&#8243; _module_preset=\u00bbdefault\u00bb][\/et_pb_image][\/et_pb_column][et_pb_column type=\u00bb3_4&#8243; _builder_version=\u00bb4.9.4&#8243; _module_preset=\u00bbdefault\u00bb][et_pb_text _builder_version=\u00bb4.9.4&#8243; _module_preset=\u00bbdefault\u00bb animation_style=\u00bbslide\u00bb hover_enabled=\u00bb0&#8243; inline_fonts=\u00bbMontserrat\u00bb sticky_enabled=\u00bb0&#8243;]<\/p>\n<h1>Visi\u00f3n<span style=\"font-size: medium; font-family: Montserrat; font-weight: normal;\"><\/span><\/h1>\n<p><span style=\"font-size: medium; font-family: Montserrat; font-weight: normal;\">Posicionarnos como l\u00edder en el mercado nacional en elaboraci\u00f3n y distribuci\u00f3n de lentes de alto valor con rapidez y eficiencia, manteniendo un constante avance en tecnolog\u00eda y optimizaci\u00f3n de procesos.<\/span><\/p>\n<p>[\/et_pb_text][\/et_pb_column][\/et_pb_row][\/et_pb_section]<\/p>\n","protected":false},"excerpt":{"rendered":"<p>MISI\u00d3N Proveer los mejores productos del ramo \u00f3ptico innovando e incorporando tecnolog\u00eda de punta en todos nuestros procesos, que nos permita garantizar una alta calidad, eficiencia y rapidez.Visi\u00f3n Posicionarnos como l\u00edder en el mercado nacional en elaboraci\u00f3n y distribuci\u00f3n de lentes de alto valor con rapidez y eficiencia, manteniendo un constante avance en tecnolog\u00eda y [&hellip;]<\/p>\n","protected":false},"author":1,"featured_media":0,"parent":0,"menu_order":0,"comment_status":"closed","ping_status":"closed","template":"","meta":{"_et_pb_use_builder":"on","_et_pb_old_content":"<!-- wp:divi\/placeholder \/-->","_et_gb_content_width":"","_themeisle_gutenberg_block_has_review":false,"footnotes":""},"class_list":["post-479","page","type-page","status-publish","hentry"],"_links":{"self":[{"href":"https:\/\/starlab.com.mx\/index.php\/wp-json\/wp\/v2\/pages\/479","targetHints":{"allow":["GET"]}}],"collection":[{"href":"https:\/\/starlab.com.mx\/index.php\/wp-json\/wp\/v2\/pages"}],"about":[{"href":"https:\/\/starlab.com.mx\/index.php\/wp-json\/wp\/v2\/types\/page"}],"author":[{"embeddable":true,"href":"https:\/\/starlab.com.mx\/index.php\/wp-json\/wp\/v2\/users\/1"}],"replies":[{"embeddable":true,"href":"https:\/\/starlab.com.mx\/index.php\/wp-json\/wp\/v2\/comments?post=479"}],"version-history":[{"count":8,"href":"https:\/\/starlab.com.mx\/index.php\/wp-json\/wp\/v2\/pages\/479\/revisions"}],"predecessor-version":[{"id":755,"href":"https:\/\/starlab.com.mx\/index.php\/wp-json\/wp\/v2\/pages\/479\/revisions\/755"}],"wp:attachment":[{"href":"https:\/\/starlab.com.mx\/index.php\/wp-json\/wp\/v2\/media?parent=479"}],"curies":[{"name":"wp","href":"https:\/\/api.w.org\/{rel}","templated":true}]}}