{"id":373,"date":"2021-04-19T02:17:57","date_gmt":"2021-04-19T02:17:57","guid":{"rendered":"https:\/\/wp.starlab.com.mx\/?page_id=373"},"modified":"2021-06-07T19:03:51","modified_gmt":"2021-06-07T19:03:51","slug":"refract-definition-drive","status":"publish","type":"page","link":"https:\/\/starlab.com.mx\/index.php\/refract-definition-drive\/","title":{"rendered":"Refract Definition Drive"},"content":{"rendered":"<p>[et_pb_section fb_built=\u00bb1&#8243; custom_padding_last_edited=\u00bbon|phone\u00bb next_background_color=\u00bb#ffffff\u00bb admin_label=\u00bbHeader\u00bb _builder_version=\u00bb4.9.4&#8243; background_color=\u00bb#FFFFFF\u00bb background_color_gradient_direction=\u00bb110deg\u00bb background_enable_image=\u00bboff\u00bb background_position=\u00bbcenter_right\u00bb custom_margin=\u00bb|||\u00bb custom_padding=\u00bb6vw||6vw||true|false\u00bb custom_padding_tablet=\u00bb||||false|false\u00bb custom_padding_phone=\u00bb||||false|false\u00bb bottom_divider_style=\u00bbwave\u00bb bottom_divider_height=\u00bb14px\u00bb bottom_divider_repeat=\u00bb28x\u00bb bottom_divider_repeat_tablet=\u00bb14x\u00bb bottom_divider_repeat_phone=\u00bb7x\u00bb bottom_divider_repeat_last_edited=\u00bbon|phone\u00bb][et_pb_row column_structure=\u00bb1_2,1_2&#8243; _builder_version=\u00bb3.25&#8243;][et_pb_column type=\u00bb1_2&#8243; _builder_version=\u00bb3.25&#8243; custom_padding=\u00bb|||\u00bb custom_padding__hover=\u00bb|||\u00bb][et_pb_image src=\u00bbhttps:\/\/starlab.com.mx\/wp-content\/uploads\/2021\/04\/brand_definition_drive.png\u00bb title_text=\u00bbbrand_definition_drive\u00bb _builder_version=\u00bb4.9.4&#8243; _module_preset=\u00bbdefault\u00bb animation_style=\u00bbfold\u00bb][\/et_pb_image][et_pb_text _builder_version=\u00bb4.9.4&#8243; text_font=\u00bb||||||||\u00bb header_font=\u00bbCantata One||||||||\u00bb header_font_size=\u00bb50px\u00bb header_line_height=\u00bb1.4em\u00bb header_2_font=\u00bb||||||||\u00bb header_2_text_color=\u00bbrgba(0,0,0,0.35)\u00bb header_2_font_size=\u00bb20px\u00bb header_2_line_height=\u00bb1.6em\u00bb max_width=\u00bb500px\u00bb animation_style=\u00bbfold\u00bb animation_direction=\u00bbleft\u00bb header_font_size_tablet=\u00bb35px\u00bb header_font_size_phone=\u00bb25px\u00bb header_font_size_last_edited=\u00bbon|desktop\u00bb inline_fonts=\u00bbMontserrat\u00bb]<\/p>\n<h2>Perfecto para una conducci\u00f3n tranquila y agradable de d\u00eda y de noche<\/h2>\n<p>[\/et_pb_text][et_pb_button button_url=\u00bb@ET-DC@eyJkeW5hbWljIjp0cnVlLCJjb250ZW50IjoicG9zdF9saW5rX3VybF9wYWdlIiwic2V0dGluZ3MiOnsicG9zdF9pZCI6IjE2In19@\u00bb button_text=\u00bbVer toda la l\u00ednea Refract\u00bb _builder_version=\u00bb4.9.4&#8243; _dynamic_attributes=\u00bbbutton_url\u00bb custom_button=\u00bbon\u00bb button_text_size=\u00bb16px\u00bb button_text_color=\u00bb#ffffff\u00bb button_bg_color=\u00bb#406090&#8243; button_border_width=\u00bb7px\u00bb button_border_color=\u00bbrgba(0,0,0,0)\u00bb button_border_radius=\u00bb100px\u00bb button_font=\u00bbOpen Sans|700|||||||\u00bb animation_style=\u00bbbounce\u00bb animation_direction=\u00bbbottom\u00bb button_text_color_hover=\u00bb#ffffff\u00bb button_border_color_hover=\u00bbrgba(0,0,0,0)\u00bb button_border_radius_hover=\u00bb100px\u00bb button_bg_color_hover=\u00bb#0059c3&#8243; button_text_size__hover_enabled=\u00bboff\u00bb button_one_text_size__hover_enabled=\u00bboff\u00bb button_two_text_size__hover_enabled=\u00bboff\u00bb button_text_color__hover_enabled=\u00bbon\u00bb button_text_color__hover=\u00bb#ffffff\u00bb button_one_text_color__hover_enabled=\u00bboff\u00bb button_two_text_color__hover_enabled=\u00bboff\u00bb button_border_width__hover_enabled=\u00bboff\u00bb button_one_border_width__hover_enabled=\u00bboff\u00bb button_two_border_width__hover_enabled=\u00bboff\u00bb button_border_color__hover_enabled=\u00bbon\u00bb button_border_color__hover=\u00bbrgba(0,0,0,0)\u00bb button_one_border_color__hover_enabled=\u00bboff\u00bb button_two_border_color__hover_enabled=\u00bboff\u00bb button_border_radius__hover_enabled=\u00bbon\u00bb button_border_radius__hover=\u00bb100px\u00bb button_one_border_radius__hover_enabled=\u00bboff\u00bb button_two_border_radius__hover_enabled=\u00bboff\u00bb button_letter_spacing__hover_enabled=\u00bboff\u00bb button_one_letter_spacing__hover_enabled=\u00bboff\u00bb button_two_letter_spacing__hover_enabled=\u00bboff\u00bb button_bg_color__hover_enabled=\u00bbon\u00bb button_bg_color__hover=\u00bb#0059c3&#8243; button_one_bg_color__hover_enabled=\u00bboff\u00bb button_two_bg_color__hover_enabled=\u00bboff\u00bb][\/et_pb_button][\/et_pb_column][et_pb_column type=\u00bb1_2&#8243; _builder_version=\u00bb3.25&#8243; custom_padding=\u00bb|||\u00bb custom_padding__hover=\u00bb|||\u00bb][et_pb_image src=\u00bbhttps:\/\/starlab.com.mx\/wp-content\/uploads\/2021\/04\/person_definition_drive.png\u00bb title_text=\u00bbperson_definition_drive\u00bb align=\u00bbcenter\u00bb _builder_version=\u00bb4.9.4&#8243; _module_preset=\u00bbdefault\u00bb width=\u00bb50%\u00bb max_width=\u00bb100%\u00bb animation_style=\u00bbbounce\u00bb][\/et_pb_image][\/et_pb_column][\/et_pb_row][\/et_pb_section][et_pb_section fb_built=\u00bb1&#8243; admin_label=\u00bbServices\u00bb _builder_version=\u00bb3.22&#8243; use_background_color_gradient=\u00bbon\u00bb background_color_gradient_start=\u00bb#f3f5fa\u00bb background_color_gradient_end=\u00bb#ffffff\u00bb locked=\u00bboff\u00bb][et_pb_row column_structure=\u00bb2_3,1_3&#8243; _builder_version=\u00bb4.9.4&#8243; _module_preset=\u00bbdefault\u00bb][et_pb_column type=\u00bb2_3&#8243; _builder_version=\u00bb4.9.4&#8243; _module_preset=\u00bbdefault\u00bb][et_pb_text _builder_version=\u00bb4.9.4&#8243; _module_preset=\u00bbdefault\u00bb animation_style=\u00bbslide\u00bb inline_fonts=\u00bbMontserrat\u00bb]<\/p>\n<p>Lente personalizado dise\u00f1ado espec\u00edficamente para la conducci\u00f3n gracias a su distribuci\u00f3n de potencia. Gracias a la zona de visi\u00f3n nocturna que incluye, la diferencia de error de refracci\u00f3n que se produce entre el d\u00eda y la noche (hasta 0,25 D) se ve compensada, lo que proporciona al usuario una gran agudeza visual y una reducci\u00f3n del estr\u00e9s y la fatiga visual, tan comunes durante la conducci\u00f3n nocturna.<br \/>Add +0.75 a +3.00<\/p>\n<p><strong>Usuario<\/strong>: Conductores que demandan un lente progresivo premium<br \/><strong>Tecnolog\u00eda<\/strong>: Digital Ray Path<br \/><strong>Altura m\u00ednima de dise\u00f1o<\/strong>: 18mm<\/p>\n<p>[\/et_pb_text][\/et_pb_column][et_pb_column type=\u00bb1_3&#8243; _builder_version=\u00bb4.9.4&#8243; _module_preset=\u00bbdefault\u00bb][et_pb_image src=\u00bbhttps:\/\/starlab.com.mx\/wp-content\/uploads\/2021\/04\/aberration_definition_drive.png\u00bb title_text=\u00bbaberration_definition_drive\u00bb _builder_version=\u00bb4.9.4&#8243; _module_preset=\u00bbdefault\u00bb animation_style=\u00bbbounce\u00bb animation_direction=\u00bbright\u00bb][\/et_pb_image][\/et_pb_column][\/et_pb_row][et_pb_row _builder_version=\u00bb4.9.4&#8243; _module_preset=\u00bbdefault\u00bb][et_pb_column type=\u00bb4_4&#8243; _builder_version=\u00bb4.9.4&#8243; _module_preset=\u00bbdefault\u00bb][et_pb_text _builder_version=\u00bb4.9.4&#8243; _module_preset=\u00bbdefault\u00bb animation_style=\u00bbflip\u00bb]<\/p>\n<h1 style=\"text-align: center;\">Beneficios<\/h1>\n<p>[\/et_pb_text][\/et_pb_column][\/et_pb_row][et_pb_row column_structure=\u00bb1_2,1_2&#8243; _builder_version=\u00bb4.9.4&#8243; _module_preset=\u00bbdefault\u00bb][et_pb_column type=\u00bb1_2&#8243; _builder_version=\u00bb4.9.4&#8243; _module_preset=\u00bbdefault\u00bb][et_pb_blurb title=\u00bbCampo visual intermedio ampliado hasta un 45%.\u00bb use_icon=\u00bbon\u00bb font_icon=\u00bb%%45%%\u00bb icon_color=\u00bb#0C71C3&#8243; icon_placement=\u00bbleft\u00bb use_icon_font_size=\u00bbon\u00bb icon_font_size=\u00bb35px\u00bb _builder_version=\u00bb4.9.4&#8243; _module_preset=\u00bbdefault\u00bb animation_style=\u00bbbounce\u00bb][\/et_pb_blurb][et_pb_blurb title=\u00bbAumento de la comodidad durante la conducci\u00f3n.\u00bb use_icon=\u00bbon\u00bb font_icon=\u00bb%%45%%\u00bb icon_color=\u00bb#0C71C3&#8243; icon_placement=\u00bbleft\u00bb use_icon_font_size=\u00bbon\u00bb icon_font_size=\u00bb35px\u00bb _builder_version=\u00bb4.9.4&#8243; _module_preset=\u00bbdefault\u00bb animation_style=\u00bbbounce\u00bb][\/et_pb_blurb][\/et_pb_column][et_pb_column type=\u00bb1_2&#8243; _builder_version=\u00bb4.9.4&#8243; _module_preset=\u00bbdefault\u00bb][et_pb_blurb title=\u00bbReducci\u00f3n de los efectos de la miop\u00eda nocturna y el astigmatismo oblicuo.\u00bb use_icon=\u00bbon\u00bb font_icon=\u00bb%%45%%\u00bb icon_color=\u00bb#0C71C3&#8243; icon_placement=\u00bbleft\u00bb use_icon_font_size=\u00bbon\u00bb icon_font_size=\u00bb35px\u00bb _builder_version=\u00bb4.9.4&#8243; _module_preset=\u00bbdefault\u00bb animation_style=\u00bbbounce\u00bb][\/et_pb_blurb][et_pb_blurb title=\u00bbVisi\u00f3n clara en todas las direcciones de la mirada.\u00bb use_icon=\u00bbon\u00bb font_icon=\u00bb%%45%%\u00bb icon_color=\u00bb#0C71C3&#8243; icon_placement=\u00bbleft\u00bb use_icon_font_size=\u00bbon\u00bb icon_font_size=\u00bb35px\u00bb _builder_version=\u00bb4.9.4&#8243; _module_preset=\u00bbdefault\u00bb animation_style=\u00bbbounce\u00bb][\/et_pb_blurb][\/et_pb_column][\/et_pb_row][\/et_pb_section]<\/p>\n","protected":false},"excerpt":{"rendered":"<p>Perfecto para una conducci\u00f3n tranquila y agradable de d\u00eda y de nocheLente personalizado dise\u00f1ado espec\u00edficamente para la conducci\u00f3n gracias a su distribuci\u00f3n de potencia. Gracias a la zona de visi\u00f3n nocturna que incluye, la diferencia de error de refracci\u00f3n que se produce entre el d\u00eda y la noche (hasta 0,25 D) se ve compensada, lo [&hellip;]<\/p>\n","protected":false},"author":1,"featured_media":0,"parent":0,"menu_order":0,"comment_status":"closed","ping_status":"closed","template":"","meta":{"_et_pb_use_builder":"on","_et_pb_old_content":"<!-- wp:divi\/placeholder \/-->","_et_gb_content_width":"","_themeisle_gutenberg_block_has_review":false,"footnotes":""},"class_list":["post-373","page","type-page","status-publish","hentry"],"_links":{"self":[{"href":"https:\/\/starlab.com.mx\/index.php\/wp-json\/wp\/v2\/pages\/373","targetHints":{"allow":["GET"]}}],"collection":[{"href":"https:\/\/starlab.com.mx\/index.php\/wp-json\/wp\/v2\/pages"}],"about":[{"href":"https:\/\/starlab.com.mx\/index.php\/wp-json\/wp\/v2\/types\/page"}],"author":[{"embeddable":true,"href":"https:\/\/starlab.com.mx\/index.php\/wp-json\/wp\/v2\/users\/1"}],"replies":[{"embeddable":true,"href":"https:\/\/starlab.com.mx\/index.php\/wp-json\/wp\/v2\/comments?post=373"}],"version-history":[{"count":7,"href":"https:\/\/starlab.com.mx\/index.php\/wp-json\/wp\/v2\/pages\/373\/revisions"}],"predecessor-version":[{"id":856,"href":"https:\/\/starlab.com.mx\/index.php\/wp-json\/wp\/v2\/pages\/373\/revisions\/856"}],"wp:attachment":[{"href":"https:\/\/starlab.com.mx\/index.php\/wp-json\/wp\/v2\/media?parent=373"}],"curies":[{"name":"wp","href":"https:\/\/api.w.org\/{rel}","templated":true}]}}