{"id":18,"date":"2021-04-16T16:24:31","date_gmt":"2021-04-16T16:24:31","guid":{"rendered":"https:\/\/wp.starlab.com.mx\/?page_id=18"},"modified":"2021-05-12T15:38:37","modified_gmt":"2021-05-12T15:38:37","slug":"laboratorios","status":"publish","type":"page","link":"https:\/\/starlab.com.mx\/index.php\/laboratorios\/","title":{"rendered":"Laboratorios"},"content":{"rendered":"<p>[et_pb_section fb_built=\u00bb1&#8243; custom_padding_last_edited=\u00bbon|phone\u00bb admin_label=\u00bbHeader\u00bb _builder_version=\u00bb4.9.4&#8243; background_position=\u00bbcenter_right\u00bb background_video_mp4=\u00bbhttps:\/\/marssoftcdn.b-cdn.net\/starlab\/IMG_5597.mp4&#8243; custom_margin=\u00bb|||\u00bb custom_padding=\u00bb6vw||6vw||true|false\u00bb custom_padding_tablet=\u00bb||||false|false\u00bb custom_padding_phone=\u00bb||||false|false\u00bb animation_style=\u00bbfold\u00bb][et_pb_row _builder_version=\u00bb3.25&#8243;][et_pb_column type=\u00bb4_4&#8243; _builder_version=\u00bb3.25&#8243; custom_padding=\u00bb|||\u00bb custom_padding__hover=\u00bb|||\u00bb][et_pb_text _builder_version=\u00bb4.9.4&#8243; text_font=\u00bb||||||||\u00bb header_font=\u00bbCantata One||||||||\u00bb header_font_size=\u00bb50px\u00bb header_line_height=\u00bb1.4em\u00bb header_2_font=\u00bb||||||||\u00bb header_2_text_color=\u00bbrgba(0,0,0,0.35)\u00bb header_2_font_size=\u00bb20px\u00bb header_2_line_height=\u00bb1.6em\u00bb text_orientation=\u00bbcenter\u00bb animation_style=\u00bbslide\u00bb animation_direction=\u00bbbottom\u00bb header_font_size_tablet=\u00bb35px\u00bb header_font_size_phone=\u00bb25px\u00bb header_font_size_last_edited=\u00bbon|desktop\u00bb inline_fonts=\u00bbMontserrat\u00bb]<\/p>\n<h1><span style=\"font-family: Montserrat; font-weight: normal; color: #ffffff;\">Laboratorios Starlab<\/span><\/h1>\n<h2><span style=\"color: rgba(255, 255, 255, 1);\">Mire dentro de los procesos del laboratorio (cambiar video)<\/span><\/h2>\n<p>[\/et_pb_text][\/et_pb_column][\/et_pb_row][\/et_pb_section][et_pb_section fb_built=\u00bb1&#8243; admin_label=\u00bbProfile\u00bb _builder_version=\u00bb4.9.4&#8243; locked=\u00bboff\u00bb][et_pb_row column_structure=\u00bb2_5,3_5&#8243; padding_top_bottom_link_2=\u00bbfalse\u00bb _builder_version=\u00bb3.25&#8243;][et_pb_column type=\u00bb2_5&#8243; _builder_version=\u00bb3.25&#8243; custom_padding=\u00bb|||\u00bb custom_padding__hover=\u00bb|||\u00bb][et_pb_image src=\u00bbhttps:\/\/starlab.com.mx\/wp-content\/uploads\/2021\/04\/IMG_5481-1.jpg\u00bb title_text=\u00bbIMG_5481 (1)\u00bb align_tablet=\u00bbcenter\u00bb align_phone=\u00bb\u00bb align_last_edited=\u00bbon|desktop\u00bb _builder_version=\u00bb4.9.4&#8243; custom_margin=\u00bb|||\u00bb animation_style=\u00bbflip\u00bb border_radii=\u00bb|10vw|10vw|10vw|\u00bb box_shadow_style=\u00bbpreset3&#8243; box_shadow_vertical=\u00bb20px\u00bb box_shadow_blur=\u00bb30px\u00bb box_shadow_color=\u00bbrgba(173,180,208,0.2)\u00bb][\/et_pb_image][\/et_pb_column][et_pb_column type=\u00bb3_5&#8243; _builder_version=\u00bb3.25&#8243; custom_padding=\u00bb100px|||\u00bb custom_padding_tablet=\u00bb0px||0px|\u00bb custom_padding_last_edited=\u00bboff|desktop\u00bb padding_tablet=\u00bb0px||0px|\u00bb padding_last_edited=\u00bboff|desktop\u00bb custom_padding__hover=\u00bb|||\u00bb][et_pb_text _builder_version=\u00bb4.9.4&#8243; text_font=\u00bbOpen Sans||||||||\u00bb text_line_height=\u00bb2em\u00bb header_font=\u00bb||||||||\u00bb header_2_font=\u00bbCantata One||||||||\u00bb header_2_font_size=\u00bb40px\u00bb header_2_line_height=\u00bb1.4em\u00bb animation_style=\u00bbfold\u00bb header_2_font_size_tablet=\u00bb35px\u00bb header_2_font_size_phone=\u00bb25px\u00bb header_2_font_size_last_edited=\u00bbon|phone\u00bb inline_fonts=\u00bbMontserrat\u00bb]<\/p>\n<h2><span style=\"font-family: Montserrat; font-weight: normal;\">\u00a1Todo tiene un comienzo!<\/span><\/h2>\n<p>Todos los trabajos se realizan con base en altos est\u00e1ndares de calidad y eficiencia para garantizar la satisfacci\u00f3n de nuestros clientes.<\/p>\n<p>[\/et_pb_text][\/et_pb_column][\/et_pb_row][\/et_pb_section][et_pb_section fb_built=\u00bb1&#8243; prev_background_color=\u00bb#ffffff\u00bb admin_label=\u00bbFeatures\u00bb _builder_version=\u00bb3.22&#8243; background_color=\u00bb#f3f5fa\u00bb custom_margin=\u00bb-140px|||\u00bb custom_margin_tablet=\u00bb0px|||\u00bb custom_margin_phone=\u00bb\u00bb custom_margin_last_edited=\u00bbon|tablet\u00bb custom_padding=\u00bb160px|0px|54px|0px|false|false\u00bb top_divider_style=\u00bbwave\u00bb top_divider_height=\u00bb14px\u00bb top_divider_repeat=\u00bb18x\u00bb top_divider_repeat_tablet=\u00bb9x\u00bb top_divider_repeat_phone=\u00bb4x\u00bb top_divider_repeat_last_edited=\u00bbon|phone\u00bb][et_pb_row column_structure=\u00bb1_3,1_3,1_3&#8243; _builder_version=\u00bb4.9.4&#8243; locked=\u00bboff\u00bb][et_pb_column type=\u00bb1_3&#8243; _builder_version=\u00bb3.25&#8243; custom_padding=\u00bb|||\u00bb custom_padding__hover=\u00bb|||\u00bb][et_pb_image src=\u00bbhttps:\/\/starlab.com.mx\/wp-content\/uploads\/2021\/04\/IMG_5463-1.jpg\u00bb title_text=\u00bbIMG_5463 (1)\u00bb _builder_version=\u00bb4.9.4&#8243; _module_preset=\u00bbdefault\u00bb animation_style=\u00bbslide\u00bb][\/et_pb_image][et_pb_blurb title=\u00bbProcesos autom\u00e1ticos\u00bb use_icon=\u00bbon\u00bb font_icon=\u00bb%%111%%\u00bb icon_color=\u00bb#0079ff\u00bb icon_placement=\u00bbleft\u00bb _builder_version=\u00bb4.9.4&#8243; header_level=\u00bbh3&#8243; header_font=\u00bbMontserrat||||||||\u00bb header_font_size=\u00bb20px\u00bb header_line_height=\u00bb1.6em\u00bb body_font=\u00bbMontserrat||||||||\u00bb body_line_height=\u00bb2em\u00bb animation_style=\u00bbbounce\u00bb animation=\u00bboff\u00bb]<\/p>\n<p>Las herramientas y materiales pasan por procesos autom\u00e1ticos para el pulido de cada trabajo que llega a la instalaciones.<\/p>\n<p>[\/et_pb_blurb][\/et_pb_column][et_pb_column type=\u00bb1_3&#8243; _builder_version=\u00bb3.25&#8243; custom_padding=\u00bb|||\u00bb custom_padding__hover=\u00bb|||\u00bb][et_pb_image src=\u00bbhttps:\/\/starlab.com.mx\/wp-content\/uploads\/2021\/04\/IMG_5468-1.jpg\u00bb title_text=\u00bbIMG_5468 (1)\u00bb _builder_version=\u00bb4.9.4&#8243; _module_preset=\u00bbdefault\u00bb animation_style=\u00bbflip\u00bb][\/et_pb_image][et_pb_blurb title=\u00bbEquipos de vanguardia\u00bb use_icon=\u00bbon\u00bb font_icon=\u00bb%%101%%\u00bb icon_color=\u00bb#0079ff\u00bb icon_placement=\u00bbleft\u00bb _builder_version=\u00bb4.9.4&#8243; header_level=\u00bbh3&#8243; header_font=\u00bbMontserrat||||||||\u00bb header_font_size=\u00bb20px\u00bb header_line_height=\u00bb1.6em\u00bb body_font=\u00bbMontserrat||||||||\u00bb body_line_height=\u00bb2em\u00bb animation_style=\u00bbbounce\u00bb animation=\u00bboff\u00bb]<\/p>\n<p>Trabajamos con m\u00e1quinas de \u00faltima generaci\u00f3n reconocidas internacionalmente.<\/p>\n<p>[\/et_pb_blurb][\/et_pb_column][et_pb_column type=\u00bb1_3&#8243; _builder_version=\u00bb3.25&#8243; custom_padding=\u00bb|||\u00bb custom_padding__hover=\u00bb|||\u00bb][et_pb_image src=\u00bbhttps:\/\/starlab.com.mx\/wp-content\/uploads\/2021\/04\/IMG_5615-1.jpg\u00bb title_text=\u00bbIMG_5615 (1)\u00bb _builder_version=\u00bb4.9.4&#8243; _module_preset=\u00bbdefault\u00bb animation_style=\u00bbfold\u00bb][\/et_pb_image][et_pb_blurb title=\u00bbCortes precisos\u00bb use_icon=\u00bbon\u00bb font_icon=\u00bb%%151%%\u00bb icon_color=\u00bb#0079ff\u00bb icon_placement=\u00bbleft\u00bb _builder_version=\u00bb4.9.4&#8243; header_level=\u00bbh3&#8243; header_font=\u00bbMontserrat||||||||\u00bb header_font_size=\u00bb20px\u00bb header_line_height=\u00bb1.6em\u00bb body_font=\u00bbMontserrat||||||||\u00bb body_line_height=\u00bb2em\u00bb animation_style=\u00bbbounce\u00bb animation=\u00bboff\u00bb]<\/p>\n<p>Contamos con excelentes equipos de biselado que se ajustan al 100% con el armaz\u00f3n seleccionado por el cliente.<\/p>\n<p>[\/et_pb_blurb][\/et_pb_column][\/et_pb_row][\/et_pb_section][et_pb_section fb_built=\u00bb1&#8243; specialty=\u00bbon\u00bb admin_label=\u00bbFeature\u00bb _builder_version=\u00bb3.22&#8243; use_background_color_gradient=\u00bbon\u00bb background_color_gradient_start=\u00bb#f3f5fa\u00bb background_color_gradient_end=\u00bb#ffffff\u00bb][et_pb_column type=\u00bb1_3&#8243; _builder_version=\u00bb3.25&#8243; custom_padding=\u00bb|||\u00bb custom_padding__hover=\u00bb|||\u00bb][et_pb_text _builder_version=\u00bb4.9.4&#8243; text_font=\u00bbOpen Sans||||||||\u00bb text_line_height=\u00bb2em\u00bb header_font=\u00bb||||||||\u00bb header_3_font=\u00bbCantata One||||||||\u00bb header_3_font_size=\u00bb20px\u00bb header_3_line_height=\u00bb1.6em\u00bb custom_margin=\u00bb||30px|\u00bb animation_style=\u00bbbounce\u00bb header_3_font_size_tablet=\u00bb\u00bb header_3_font_size_phone=\u00bb25px\u00bb header_3_font_size_last_edited=\u00bbon|phone\u00bb locked=\u00bboff\u00bb inline_fonts=\u00bbMontserrat\u00bb]<\/p>\n<h1><span style=\"font-family: Montserrat; font-weight: normal;\">Calidad garantizada<\/span><\/h1>\n<p>Cada uno de los trabajos que realizamos diariamente cumplen con nuestros m\u00e1ximos est\u00e1ndares de calidad.<\/p>\n<p>[\/et_pb_text][et_pb_blurb title=\u00bbLente digital de proceso superior que ofrece excelente calidad visual\u00bb use_icon=\u00bbon\u00bb font_icon=\u00bb%%45%%\u00bb icon_color=\u00bb#0079ff\u00bb icon_placement=\u00bbleft\u00bb _builder_version=\u00bb4.9.4&#8243; header_level=\u00bbh3&#8243; header_font=\u00bbMontserrat||||||||\u00bb header_font_size=\u00bb14px\u00bb header_line_height=\u00bb2em\u00bb body_font=\u00bbOpen Sans||||||||\u00bb body_line_height=\u00bb2em\u00bb custom_margin=\u00bb||20px|\u00bb animation_style=\u00bbroll\u00bb animation=\u00bboff\u00bb hover_enabled=\u00bb0&#8243; global_module=\u00bb328&#8243; saved_tabs=\u00bball\u00bb locked=\u00bboff\u00bb sticky_enabled=\u00bb0&#8243;][\/et_pb_blurb][et_pb_blurb title=\u00bbBiselados de vanguardia\u00bb use_icon=\u00bbon\u00bb font_icon=\u00bb%%45%%\u00bb icon_color=\u00bb#0079ff\u00bb icon_placement=\u00bbleft\u00bb _builder_version=\u00bb4.9.4&#8243; header_level=\u00bbh3&#8243; header_font=\u00bbMontserrat||||||||\u00bb header_font_size=\u00bb14px\u00bb header_line_height=\u00bb2em\u00bb body_font=\u00bbOpen Sans||||||||\u00bb body_line_height=\u00bb2em\u00bb custom_margin=\u00bb||20px|\u00bb animation_style=\u00bbroll\u00bb animation=\u00bboff\u00bb locked=\u00bboff\u00bb][\/et_pb_blurb][et_pb_blurb title=\u00bbProducto completo\u00bb use_icon=\u00bbon\u00bb font_icon=\u00bb%%45%%\u00bb icon_color=\u00bb#0079ff\u00bb icon_placement=\u00bbleft\u00bb _builder_version=\u00bb4.9.4&#8243; header_level=\u00bbh3&#8243; header_font=\u00bbMontserrat||||||||\u00bb header_font_size=\u00bb14px\u00bb header_line_height=\u00bb2em\u00bb body_font=\u00bbOpen Sans||||||||\u00bb body_line_height=\u00bb2em\u00bb custom_margin=\u00bb||20px|\u00bb animation_style=\u00bbroll\u00bb animation=\u00bboff\u00bb locked=\u00bboff\u00bb][\/et_pb_blurb][\/et_pb_column][et_pb_column type=\u00bb2_3&#8243; specialty_columns=\u00bb2&#8243; _builder_version=\u00bb3.25&#8243; custom_padding=\u00bb|||\u00bb custom_padding__hover=\u00bb|||\u00bb][et_pb_row_inner _builder_version=\u00bb4.9.4&#8243; background_color=\u00bb#ffffff\u00bb background_color_gradient_direction=\u00bb108deg\u00bb custom_margin=\u00bb0px||0px||true\u00bb custom_padding=\u00bb80px|40px|80px|40px|true|true\u00bb animation_style=\u00bbbounce\u00bb animation_direction=\u00bbright\u00bb border_radii=\u00bbon|20px|20px|20px|20px\u00bb box_shadow_style=\u00bbpreset1&#8243; box_shadow_vertical=\u00bb40px\u00bb box_shadow_blur=\u00bb60px\u00bb box_shadow_color=\u00bbrgba(0,64,135,0.06)\u00bb][et_pb_column_inner saved_specialty_column_type=\u00bb2_3&#8243; _builder_version=\u00bb3.25&#8243; custom_padding=\u00bb|||\u00bb custom_padding__hover=\u00bb|||\u00bb][et_pb_video src=\u00bbhttps:\/\/marssoftcdn.b-cdn.net\/starlab\/2021-05-05-2.mp4&#8243; _builder_version=\u00bb4.9.4&#8243; _module_preset=\u00bbdefault\u00bb][\/et_pb_video][\/et_pb_column_inner][\/et_pb_row_inner][\/et_pb_column][\/et_pb_section][et_pb_section fb_built=\u00bb1&#8243; admin_label=\u00bbTeam\u00bb _builder_version=\u00bb3.22&#8243;][et_pb_row _builder_version=\u00bb3.25&#8243;][et_pb_column type=\u00bb4_4&#8243; _builder_version=\u00bb3.25&#8243; custom_padding=\u00bb|||\u00bb custom_padding__hover=\u00bb|||\u00bb][et_pb_text _builder_version=\u00bb4.9.4&#8243; text_font=\u00bbOpen Sans||||||||\u00bb text_line_height=\u00bb2em\u00bb header_font=\u00bb||||||||\u00bb header_2_font=\u00bbCantata One||||||||\u00bb header_2_font_size=\u00bb40px\u00bb header_2_line_height=\u00bb1.4em\u00bb text_orientation=\u00bbcenter\u00bb max_width=\u00bb500px\u00bb module_alignment=\u00bbcenter\u00bb animation_style=\u00bbfold\u00bb hover_enabled=\u00bb0&#8243; header_2_font_size_tablet=\u00bb35px\u00bb header_2_font_size_phone=\u00bb25px\u00bb header_2_font_size_last_edited=\u00bbon|phone\u00bb inline_fonts=\u00bbMontserrat\u00bb sticky_enabled=\u00bb0&#8243;]<\/p>\n<h2><span style=\"font-family: Montserrat;\">Procesos detallados<\/span><\/h2>\n<p>[\/et_pb_text][\/et_pb_column][\/et_pb_row][et_pb_row column_structure=\u00bb1_3,1_3,1_3&#8243; _builder_version=\u00bb3.25&#8243; custom_margin=\u00bb40px||40px||true\u00bb locked=\u00bboff\u00bb][et_pb_column type=\u00bb1_3&#8243; _builder_version=\u00bb3.25&#8243; custom_padding=\u00bb|||\u00bb custom_padding__hover=\u00bb|||\u00bb][et_pb_image src=\u00bbhttps:\/\/starlab.com.mx\/wp-content\/uploads\/2021\/04\/IMG_5440-1.jpg\u00bb title_text=\u00bbIMG_5440 (1)\u00bb align_tablet=\u00bbcenter\u00bb align_phone=\u00bb\u00bb align_last_edited=\u00bbon|desktop\u00bb _builder_version=\u00bb4.9.4&#8243; max_width=\u00bb400px\u00bb module_alignment=\u00bbcenter\u00bb custom_margin=\u00bb||0px|\u00bb animation_style=\u00bbbounce\u00bb border_radii=\u00bb|10px|10px||\u00bb box_shadow_style=\u00bbpreset1&#8243; box_shadow_vertical=\u00bb40px\u00bb box_shadow_blur=\u00bb60px\u00bb box_shadow_color=\u00bbrgba(0,64,135,0.06)\u00bb][\/et_pb_image][et_pb_team_member name=\u00bbAntirreflejantes\u00bb position=\u00bbCalidad garantizada (cambiar)\u00bb icon_color=\u00bb666&#8243; _builder_version=\u00bb4.9.4&#8243; header_font=\u00bbMontserrat||||||||\u00bb header_line_height=\u00bb1.2em\u00bb body_font=\u00bbMontserrat||||||||\u00bb body_font_size=\u00bb16px\u00bb body_line_height=\u00bb1.8em\u00bb background_color=\u00bb#ffffff\u00bb text_orientation=\u00bbcenter\u00bb max_width=\u00bb400px\u00bb module_alignment=\u00bbcenter\u00bb custom_margin=\u00bb|||\u00bb custom_padding=\u00bb30px|30px|30px|30px|true|true\u00bb custom_padding_phone=\u00bb|||\u00bb custom_padding_last_edited=\u00bboff|desktop\u00bb animation_style=\u00bbflip\u00bb border_radii=\u00bb|||10px|10px\u00bb box_shadow_style=\u00bbpreset1&#8243; box_shadow_vertical=\u00bb40px\u00bb box_shadow_blur=\u00bb60px\u00bb box_shadow_color=\u00bbrgba(0,64,135,0.06)\u00bb icon_hover_color=\u00bb#0079ff\u00bb][\/et_pb_team_member][\/et_pb_column][et_pb_column type=\u00bb1_3&#8243; _builder_version=\u00bb3.25&#8243; custom_padding=\u00bb|||\u00bb custom_padding__hover=\u00bb|||\u00bb][et_pb_image src=\u00bbhttps:\/\/starlab.com.mx\/wp-content\/uploads\/2021\/04\/IMG_5626-1.jpg\u00bb title_text=\u00bbIMG_5626 (1)\u00bb align_tablet=\u00bbcenter\u00bb align_phone=\u00bb\u00bb align_last_edited=\u00bbon|desktop\u00bb _builder_version=\u00bb4.9.4&#8243; max_width=\u00bb400px\u00bb module_alignment=\u00bbcenter\u00bb custom_margin=\u00bb||0px|\u00bb animation_style=\u00bbbounce\u00bb border_radii=\u00bb|10px|10px||\u00bb box_shadow_style=\u00bbpreset1&#8243; box_shadow_vertical=\u00bb40px\u00bb box_shadow_blur=\u00bb60px\u00bb box_shadow_color=\u00bbrgba(0,64,135,0.06)\u00bb][\/et_pb_image][et_pb_team_member name=\u00bbBiselados\u00bb position=\u00bbEn cualquier armaz\u00f3n\u00bb icon_color=\u00bb666&#8243; _builder_version=\u00bb4.9.4&#8243; header_font=\u00bbMontserrat||||||||\u00bb header_line_height=\u00bb1.2em\u00bb body_font=\u00bbOpen Sans||||||||\u00bb body_font_size=\u00bb16px\u00bb body_line_height=\u00bb1.8em\u00bb position_font=\u00bbMontserrat||||||||\u00bb background_color=\u00bb#ffffff\u00bb text_orientation=\u00bbcenter\u00bb max_width=\u00bb400px\u00bb module_alignment=\u00bbcenter\u00bb custom_margin=\u00bb|||\u00bb custom_padding=\u00bb30px|30px|30px|30px|true|true\u00bb custom_padding_phone=\u00bb|||\u00bb custom_padding_last_edited=\u00bboff|desktop\u00bb animation_style=\u00bbfold\u00bb border_radii=\u00bb|||10px|10px\u00bb box_shadow_style=\u00bbpreset1&#8243; box_shadow_vertical=\u00bb40px\u00bb box_shadow_blur=\u00bb60px\u00bb box_shadow_color=\u00bbrgba(0,64,135,0.06)\u00bb icon_hover_color=\u00bb#0079ff\u00bb][\/et_pb_team_member][\/et_pb_column][et_pb_column type=\u00bb1_3&#8243; _builder_version=\u00bb3.25&#8243; custom_padding=\u00bb|||\u00bb custom_padding__hover=\u00bb|||\u00bb][et_pb_image src=\u00bbhttps:\/\/starlab.com.mx\/wp-content\/uploads\/2021\/04\/IMG_5569-1.jpg\u00bb title_text=\u00bbIMG_5569 (1)\u00bb align_tablet=\u00bbcenter\u00bb align_phone=\u00bb\u00bb align_last_edited=\u00bbon|desktop\u00bb _builder_version=\u00bb4.9.4&#8243; max_width=\u00bb400px\u00bb module_alignment=\u00bbcenter\u00bb custom_margin=\u00bb||0px|\u00bb animation_style=\u00bbbounce\u00bb border_radii=\u00bb|10px|10px||\u00bb box_shadow_style=\u00bbpreset1&#8243; box_shadow_vertical=\u00bb40px\u00bb box_shadow_blur=\u00bb60px\u00bb box_shadow_color=\u00bbrgba(0,64,135,0.06)\u00bb][\/et_pb_image][et_pb_team_member name=\u00bbEquipos completos\u00bb position=\u00bbEquipos de \u00faltima generaci\u00f3n\u00bb icon_color=\u00bb666&#8243; _builder_version=\u00bb4.9.4&#8243; header_font=\u00bbMontserrat||||||||\u00bb header_line_height=\u00bb1.2em\u00bb body_font=\u00bbMontserrat||||||||\u00bb body_font_size=\u00bb16px\u00bb body_line_height=\u00bb1.8em\u00bb background_color=\u00bb#ffffff\u00bb text_orientation=\u00bbcenter\u00bb max_width=\u00bb400px\u00bb module_alignment=\u00bbcenter\u00bb custom_margin=\u00bb|||\u00bb custom_padding=\u00bb30px|30px|30px|30px|true|true\u00bb custom_padding_phone=\u00bb|||\u00bb custom_padding_last_edited=\u00bboff|desktop\u00bb animation_style=\u00bbflip\u00bb border_radii=\u00bb|||10px|10px\u00bb box_shadow_style=\u00bbpreset1&#8243; box_shadow_vertical=\u00bb40px\u00bb box_shadow_blur=\u00bb60px\u00bb box_shadow_color=\u00bbrgba(0,64,135,0.06)\u00bb icon_hover_color=\u00bb#0079ff\u00bb][\/et_pb_team_member][\/et_pb_column][\/et_pb_row][\/et_pb_section][et_pb_section fb_built=\u00bb1&#8243; admin_label=\u00bbOur Mission\u00bb _builder_version=\u00bb3.22&#8243; background_color=\u00bb#dce1ea\u00bb use_background_color_gradient=\u00bbon\u00bb background_color_gradient_start=\u00bb#ffffff\u00bb background_color_gradient_end=\u00bbrgba(255,255,255,0.29)\u00bb background_color_gradient_overlays_image=\u00bbon\u00bb background_image=\u00bbhttps:\/\/starlab.com.mx\/wp-content\/uploads\/2021\/04\/dentist-19.png\u00bb custom_padding=\u00bb54px|0px|1px|0px|false|false\u00bb border_radii=\u00bb||||20vw\u00bb][et_pb_row column_structure=\u00bb1_2,1_2&#8243; padding_top_bottom_link_2=\u00bbfalse\u00bb padding_left_right_link_2=\u00bbfalse\u00bb _builder_version=\u00bb3.25&#8243; width=\u00bb100%\u00bb max_width=\u00bb100%\u00bb custom_padding=\u00bb0px||0px||true\u00bb use_custom_width=\u00bbon\u00bb width_unit=\u00bboff\u00bb custom_width_percent=\u00bb100%\u00bb][et_pb_column type=\u00bb1_2&#8243; _builder_version=\u00bb3.25&#8243; custom_padding=\u00bb|||\u00bb custom_padding__hover=\u00bb|||\u00bb][et_pb_image src=\u00bbhttps:\/\/starlab.com.mx\/wp-content\/uploads\/2021\/04\/IMG_5653-1.jpg\u00bb title_text=\u00bbIMG_5653 (1)\u00bb align_tablet=\u00bbcenter\u00bb align_phone=\u00bb\u00bb align_last_edited=\u00bbon|desktop\u00bb _builder_version=\u00bb4.9.4&#8243; animation_style=\u00bbbounce\u00bb border_radii=\u00bb||20vw||\u00bb box_shadow_style=\u00bbpreset1&#8243; box_shadow_horizontal=\u00bb10px\u00bb box_shadow_vertical=\u00bb20px\u00bb box_shadow_blur=\u00bb80px\u00bb box_shadow_color=\u00bbrgba(0,64,135,0.06)\u00bb][\/et_pb_image][\/et_pb_column][et_pb_column type=\u00bb1_2&#8243; _builder_version=\u00bb3.25&#8243; custom_padding=\u00bb10vw|10vw|60px|\u00bb custom_padding_tablet=\u00bb|10%|20vw|10%||true\u00bb custom_padding_phone=\u00bb|||\u00bb custom_padding_last_edited=\u00bbon|phone\u00bb padding_phone=\u00bb|||\u00bb padding_tablet=\u00bb|10%|20vw|10%||true\u00bb padding_last_edited=\u00bbon|phone\u00bb custom_padding__hover=\u00bb|||\u00bb][et_pb_text _builder_version=\u00bb4.9.4&#8243; text_font=\u00bbMontserrat||||||||\u00bb text_line_height=\u00bb2em\u00bb header_font=\u00bbMontserrat||||||||\u00bb header_2_font=\u00bbCantata One||||||||\u00bb header_2_font_size=\u00bb40px\u00bb header_2_line_height=\u00bb1.4em\u00bb max_width=\u00bb500px\u00bb animation_style=\u00bbbounce\u00bb hover_enabled=\u00bb0&#8243; header_2_font_size_tablet=\u00bb35px\u00bb header_2_font_size_phone=\u00bb25px\u00bb header_2_font_size_last_edited=\u00bbon|phone\u00bb locked=\u00bboff\u00bb inline_fonts=\u00bbMontserrat\u00bb sticky_enabled=\u00bb0&#8243;]<\/p>\n<h2><span style=\"font-family: Montserrat; font-weight: normal;\">Su trabajo en buenas manos<\/span><\/h2>\n<p>[\/et_pb_text][et_pb_text _builder_version=\u00bb4.9.4&#8243; text_font=\u00bbOpen Sans||||||||\u00bb text_line_height=\u00bb2em\u00bb header_font=\u00bb||||||||\u00bb header_3_font=\u00bbCantata One||||||||\u00bb header_3_font_size=\u00bb20px\u00bb header_3_line_height=\u00bb1.6em\u00bb max_width=\u00bb500px\u00bb animation_style=\u00bbzoom\u00bb locked=\u00bboff\u00bb inline_fonts=\u00bbMontserrat\u00bb]<\/p>\n<h3><span style=\"font-family: Montserrat; font-weight: normal;\">Cada cliente se trata con cuidado<\/span><\/h3>\n<p>Cuando registra su pedido en nuestra plataforma para clientes, inicia un proceso que se dirige hacia nuestro almac\u00e9n donde seleccionamos las mejoras materias primas seg\u00fan el tipo de lente a realizar, ya sean progresivos, fotosensibles, polarizados, biselados especiales o requerimientos para clientes exigentes.<\/p>\n<p>[\/et_pb_text][et_pb_button button_url=\u00bb@ET-DC@eyJkeW5hbWljIjp0cnVlLCJjb250ZW50IjoicG9zdF9saW5rX3VybF9wYWdlIiwic2V0dGluZ3MiOnsicG9zdF9pZCI6IjIwIn19@\u00bb button_text=\u00bbSolicite m\u00e1s informaci\u00f3n\u00bb _builder_version=\u00bb4.9.4&#8243; _dynamic_attributes=\u00bbbutton_url\u00bb custom_button=\u00bbon\u00bb button_text_size=\u00bb16px\u00bb button_text_color=\u00bb#ffffff\u00bb button_bg_color=\u00bb#406090&#8243; button_border_width=\u00bb7px\u00bb button_border_color=\u00bbrgba(0,0,0,0)\u00bb button_border_radius=\u00bb100px\u00bb button_font=\u00bbOpen Sans|700|||||||\u00bb animation_style=\u00bbbounce\u00bb animation_direction=\u00bbbottom\u00bb button_text_color_hover=\u00bb#ffffff\u00bb button_border_color_hover=\u00bbrgba(0,0,0,0)\u00bb button_border_radius_hover=\u00bb100px\u00bb button_bg_color_hover=\u00bb#0059c3&#8243; locked=\u00bboff\u00bb button_text_size__hover_enabled=\u00bboff\u00bb button_one_text_size__hover_enabled=\u00bboff\u00bb button_two_text_size__hover_enabled=\u00bboff\u00bb button_text_color__hover_enabled=\u00bbon\u00bb button_text_color__hover=\u00bb#ffffff\u00bb button_one_text_color__hover_enabled=\u00bboff\u00bb button_two_text_color__hover_enabled=\u00bboff\u00bb button_border_width__hover_enabled=\u00bboff\u00bb button_one_border_width__hover_enabled=\u00bboff\u00bb button_two_border_width__hover_enabled=\u00bboff\u00bb button_border_color__hover_enabled=\u00bbon\u00bb button_border_color__hover=\u00bbrgba(0,0,0,0)\u00bb button_one_border_color__hover_enabled=\u00bboff\u00bb button_two_border_color__hover_enabled=\u00bboff\u00bb button_border_radius__hover_enabled=\u00bbon\u00bb button_border_radius__hover=\u00bb100px\u00bb button_one_border_radius__hover_enabled=\u00bboff\u00bb button_two_border_radius__hover_enabled=\u00bboff\u00bb button_letter_spacing__hover_enabled=\u00bboff\u00bb button_one_letter_spacing__hover_enabled=\u00bboff\u00bb button_two_letter_spacing__hover_enabled=\u00bboff\u00bb button_bg_color__hover_enabled=\u00bbon\u00bb button_bg_color__hover=\u00bb#0059c3&#8243; button_one_bg_color__hover_enabled=\u00bboff\u00bb button_two_bg_color__hover_enabled=\u00bboff\u00bb][\/et_pb_button][\/et_pb_column][\/et_pb_row][\/et_pb_section]<\/p>\n","protected":false},"excerpt":{"rendered":"<p>Laboratorios Starlab Mire dentro de los procesos del laboratorio (cambiar video)\u00a1Todo tiene un comienzo! Todos los trabajos se realizan con base en altos est\u00e1ndares de calidad y eficiencia para garantizar la satisfacci\u00f3n de nuestros clientes.Las herramientas y materiales pasan por procesos autom\u00e1ticos para el pulido de cada trabajo que llega a la instalaciones.Trabajamos con m\u00e1quinas [&hellip;]<\/p>\n","protected":false},"author":1,"featured_media":0,"parent":0,"menu_order":0,"comment_status":"closed","ping_status":"closed","template":"","meta":{"_et_pb_use_builder":"on","_et_pb_old_content":"<!-- wp:divi\/placeholder \/-->","_et_gb_content_width":"","_themeisle_gutenberg_block_has_review":false,"footnotes":""},"class_list":["post-18","page","type-page","status-publish","hentry"],"_links":{"self":[{"href":"https:\/\/starlab.com.mx\/index.php\/wp-json\/wp\/v2\/pages\/18","targetHints":{"allow":["GET"]}}],"collection":[{"href":"https:\/\/starlab.com.mx\/index.php\/wp-json\/wp\/v2\/pages"}],"about":[{"href":"https:\/\/starlab.com.mx\/index.php\/wp-json\/wp\/v2\/types\/page"}],"author":[{"embeddable":true,"href":"https:\/\/starlab.com.mx\/index.php\/wp-json\/wp\/v2\/users\/1"}],"replies":[{"embeddable":true,"href":"https:\/\/starlab.com.mx\/index.php\/wp-json\/wp\/v2\/comments?post=18"}],"version-history":[{"count":22,"href":"https:\/\/starlab.com.mx\/index.php\/wp-json\/wp\/v2\/pages\/18\/revisions"}],"predecessor-version":[{"id":748,"href":"https:\/\/starlab.com.mx\/index.php\/wp-json\/wp\/v2\/pages\/18\/revisions\/748"}],"wp:attachment":[{"href":"https:\/\/starlab.com.mx\/index.php\/wp-json\/wp\/v2\/media?parent=18"}],"curies":[{"name":"wp","href":"https:\/\/api.w.org\/{rel}","templated":true}]}}